{"id":189,"date":"2016-11-01T15:45:50","date_gmt":"2016-11-01T15:45:50","guid":{"rendered":"http:\/\/slavkasekulic.from.hr\/?page_id=189"},"modified":"2017-06-25T11:36:29","modified_gmt":"2017-06-25T11:36:29","slug":"iskrice","status":"publish","type":"page","link":"http:\/\/slavkasekulic.from.hr\/","title":{"rendered":""},"content":{"rendered":"<p><img loading=\"lazy\" class=\"alignnone wp-image-289 size-full\" src=\"http:\/\/slavkasekulic.from.hr\/files\/2016\/11\/iskrice_ban.jpg\" alt=\"iskrice_ban\" width=\"1944\" height=\"372\" srcset=\"http:\/\/slavkasekulic.from.hr\/files\/2016\/11\/iskrice_ban.jpg 1944w, http:\/\/slavkasekulic.from.hr\/files\/2016\/11\/iskrice_ban-300x57.jpg 300w, http:\/\/slavkasekulic.from.hr\/files\/2016\/11\/iskrice_ban-768x147.jpg 768w, http:\/\/slavkasekulic.from.hr\/files\/2016\/11\/iskrice_ban-1024x196.jpg 1024w\" sizes=\"(max-width: 1944px) 100vw, 1944px\" \/><\/p>\n<table width=\"100%\">\n<tbody>\n<tr>\n<td style=\"text-align: center\" width=\"50%\"><a href=\"http:\/\/slavkasekulic.from.hr\/?page_id=385\"><img loading=\"lazy\" class=\"alignnone size-medium wp-image-388\" src=\"http:\/\/slavkasekulic.from.hr\/files\/2016\/11\/rumi-small-300x212.png\" alt=\"\" width=\"300\" height=\"212\" srcset=\"http:\/\/slavkasekulic.from.hr\/files\/2016\/11\/rumi-small-300x212.png 300w, http:\/\/slavkasekulic.from.hr\/files\/2016\/11\/rumi-small.png 372w\" sizes=\"(max-width: 300px) 100vw, 300px\" \/><\/a><a href=\"http:\/\/slavkasekulic.from.hr\/?page_id=344\"><br \/>\n<\/a><a href=\"http:\/\/slavkasekulic.from.hr\/?page_id=385\"><strong>Suradnja s vodstvom<\/strong><\/a><\/p>\n<p>Unutar svih nas, unutar na\u0161eg fizi\u010dkog tijela, postoji vodstvo. Vrlo \u010desto ga zanemarujemo podlije\u017eu\u0107i vanjskim okolnostima umjesto da se pove\u017eemo s njim. Vanjske okolnosti naj\u010de\u0161\u0107e nam odvla\u010de pa\u017enju od na\u0161ih unutarnjih kreativnih impulsa, od onoga \u0161to mi zaista jesmo&#8230;<\/p>\n<p style=\"text-align: right\"><a href=\"http:\/\/slavkasekulic.from.hr\/?page_id=385\">pro\u010ditaj vi\u0161e<\/a><\/p>\n<\/td>\n<td style=\"text-align: center\" width=\"50%\"><a href=\"http:\/\/slavkasekulic.from.hr\/?page_id=344\"><img loading=\"lazy\" class=\"alignnone wp-image-349\" src=\"http:\/\/slavkasekulic.from.hr\/files\/2016\/11\/3281981-changing-bad-habits-quotes-e1490175667610-300x188.png\" alt=\"3281981-changing-bad-habits-quotes\" width=\"324\" height=\"203\" srcset=\"http:\/\/slavkasekulic.from.hr\/files\/2016\/11\/3281981-changing-bad-habits-quotes-e1490175667610-300x188.png 300w, http:\/\/slavkasekulic.from.hr\/files\/2016\/11\/3281981-changing-bad-habits-quotes-e1490175667610-768x482.png 768w, http:\/\/slavkasekulic.from.hr\/files\/2016\/11\/3281981-changing-bad-habits-quotes-e1490175667610.png 960w\" sizes=\"(max-width: 324px) 100vw, 324px\" \/><br \/>\n<\/a><strong><a href=\"http:\/\/slavkasekulic.from.hr\/?page_id=344\">Na\u0161e navike postaju na\u0161 karakter<\/a><\/strong><\/p>\n<p>Odrastanjem usvajamo odre\u0111ene navike, kako dobre tako i lo\u0161e. Dobre navike kao \u0161to su zdrava prehrana, tjelovje\u017eba, \u0161etnja, daju osje\u0107aj ugode, radosti, zdravlja. Nasuprot tome, lo\u0161e navike nas optere\u0107uju&#8230;<\/p>\n<p style=\"text-align: right\"><a href=\"http:\/\/slavkasekulic.from.hr\/?page_id=344\">pro\u010ditaj vi\u0161e<\/a><\/p>\n<\/td>\n<\/tr>\n<tr>\n<td style=\"text-align: center\" width=\"50%\"><a href=\"http:\/\/slavkasekulic.from.hr\/?page_id=326\"><img loading=\"lazy\" class=\"alignnone wp-image-334 size-full\" src=\"http:\/\/slavkasekulic.from.hr\/files\/2016\/11\/courage_Front.jpg\" width=\"335\" height=\"197\" srcset=\"http:\/\/slavkasekulic.from.hr\/files\/2016\/11\/courage_Front.jpg 335w, http:\/\/slavkasekulic.from.hr\/files\/2016\/11\/courage_Front-300x176.jpg 300w\" sizes=\"(max-width: 335px) 100vw, 335px\" \/><\/a><a href=\"http:\/\/slavkasekulic.from.hr\/?page_id=326\"><br \/>\n<\/a><strong><a href=\"http:\/\/slavkasekulic.from.hr\/?page_id=326\">Strah neprijatelj \u017eivota<\/a><\/strong><\/p>\n<p>Svi ljudi osje\u0107aju strah, valjda samo lud \u010dovjek ne osje\u0107a strah. Nije hrabrost u ne osje\u0107anju straha nego u osje\u0107anju i njegovom savladavanju&#8230;.<\/p>\n<p style=\"text-align: right\"><a href=\"http:\/\/slavkasekulic.from.hr\/?page_id=326\">pro\u010ditaj vi\u0161e<\/a><\/p>\n<\/td>\n<td style=\"text-align: center\" width=\"50%\"><a href=\"http:\/\/slavkasekulic.from.hr\/?page_id=312\"><img loading=\"lazy\" class=\"alignnone wp-image-313\" src=\"http:\/\/slavkasekulic.from.hr\/files\/2017\/01\/IMG_1711-300x182.png\" width=\"324\" height=\"197\" srcset=\"http:\/\/slavkasekulic.from.hr\/files\/2017\/01\/IMG_1711-300x182.png 300w, http:\/\/slavkasekulic.from.hr\/files\/2017\/01\/IMG_1711-280x169.png 280w, http:\/\/slavkasekulic.from.hr\/files\/2017\/01\/IMG_1711.png 591w\" sizes=\"(max-width: 324px) 100vw, 324px\" \/><br \/>\n<\/a><strong><a href=\"http:\/\/slavkasekulic.from.hr\/?page_id=312\">Vjera u sebe je jednaka povjerenju u \u017eivot<\/a><\/strong><\/p>\n<p>Od toga kakav osje\u0107aj nosimo o sebi, koliko imamo povjerenja u sebe ovisi koliko \u0107emo ispunjen \u017eivot \u017eivjeti te koliko \u0107emo povjerenja imati u njega.<\/p>\n<p style=\"text-align: right\"><a href=\"http:\/\/slavkasekulic.from.hr\/?page_id=312\">pro\u010ditaj vi\u0161e<\/a><\/p>\n<\/td>\n<\/tr>\n<tr>\n<td style=\"text-align: center\" width=\"50%\"><a href=\"http:\/\/slavkasekulic.from.hr\/?page_id=293\"><img loading=\"lazy\" class=\"alignnone wp-image-304 size-full\" src=\"http:\/\/slavkasekulic.from.hr\/files\/2016\/11\/chardin_small.jpg\" width=\"335\" height=\"197\" srcset=\"http:\/\/slavkasekulic.from.hr\/files\/2016\/11\/chardin_small.jpg 335w, http:\/\/slavkasekulic.from.hr\/files\/2016\/11\/chardin_small-300x176.jpg 300w\" sizes=\"(max-width: 335px) 100vw, 335px\" \/><br \/>\n<\/a><strong><a href=\"http:\/\/slavkasekulic.from.hr\/?page_id=293\">Biti ono \u0161to jesmo je veliki \u017eivotni privilegij<\/a><\/strong><\/p>\n<p>Inteligencija i svjetovni polo\u017eaj imaju malo veze sa sre\u0107om i zdravim ljudskim odnosima. Cilj na\u0161eg boravka na zemlji trebao bi biti posve\u0107en na\u0161em duhovnom razvoju\u2026<\/p>\n<p style=\"text-align: right\"><a href=\"http:\/\/slavkasekulic.from.hr\/?page_id=293\">pro\u010ditaj vi\u0161e<\/a><\/p>\n<\/td>\n<td style=\"text-align: center\" width=\"50%\"><a href=\"http:\/\/slavkasekulic.from.hr\/?page_id=272\"><img loading=\"lazy\" class=\"alignnone wp-image-273\" src=\"http:\/\/slavkasekulic.from.hr\/files\/2016\/11\/rumicandle-300x176.jpg\" width=\"335\" height=\"197\" srcset=\"http:\/\/slavkasekulic.from.hr\/files\/2016\/11\/rumicandle-300x176.jpg 300w, http:\/\/slavkasekulic.from.hr\/files\/2016\/11\/rumicandle-768x451.jpg 768w, http:\/\/slavkasekulic.from.hr\/files\/2016\/11\/rumicandle-1024x602.jpg 1024w, http:\/\/slavkasekulic.from.hr\/files\/2016\/11\/rumicandle.jpg 1893w\" sizes=\"(max-width: 335px) 100vw, 335px\" \/><br \/>\n<\/a><strong><a href=\"http:\/\/slavkasekulic.from.hr\/?page_id=272\">Moramo biti svjetiljka sebi samima<\/a><\/strong><\/p>\n<p>Svako ljudsko bi\u0107e te\u017ei sretnijem i zadovoljnijem \u017eivotu. Ponekad na\u0161a nastojanja zavr\u0161e u slijepoj ulici i ne dobijemo o\u010dekivano. Imamo osje\u0107aj da dajemo sve od sebe, a ipak ne ide&#8230;<\/p>\n<p style=\"text-align: right\"><a href=\"http:\/\/slavkasekulic.from.hr\/?page_id=272\">pro\u010ditaj vi\u0161e<\/a><\/p>\n<\/td>\n<\/tr>\n<tr>\n<td style=\"text-align: center\" width=\"50%\">\n<table width=\"100%\">\n<tbody>\n<tr>\n<td><a href=\"http:\/\/slavkasekulic.from.hr\/?page_id=251\"><img loading=\"lazy\" class=\"wp-image-201 aligncenter\" src=\"http:\/\/slavkasekulic.from.hr\/files\/2016\/11\/on-beach-love-yourself-wallpapers-1024x768-1-300x169.jpg\" alt=\"on-beach-love-yourself-wallpapers-1024x768 (1)\" width=\"350\" height=\"197\" srcset=\"http:\/\/slavkasekulic.from.hr\/files\/2016\/11\/on-beach-love-yourself-wallpapers-1024x768-1-300x169.jpg 300w, http:\/\/slavkasekulic.from.hr\/files\/2016\/11\/on-beach-love-yourself-wallpapers-1024x768-1.jpg 490w\" sizes=\"(max-width: 350px) 100vw, 350px\" \/><\/a><strong><a href=\"http:\/\/slavkasekulic.from.hr\/?page_id=251\">Nau\u010diti voljeti sebe je dublja duhovna dimenzija<\/a><\/strong><\/p>\n<p>Osobe \u010dije su potrebe u djetinjstvu bile zanemarivane, osobe koje su emocionalno zlostavljane ili nose osje\u0107aj napu\u0161tenosti, kada odrastu, naj\u010de\u0161\u0107e \u0107e biti nepovezane ili otupljene za vlastite osje\u0107aje&#8230;<\/p>\n<p style=\"text-align: right\"><a href=\"http:\/\/slavkasekulic.from.hr\/?page_id=251\">pro\u010ditaj vi\u0161e<\/a><\/p>\n<\/td>\n<\/tr>\n<\/tbody>\n<\/table>\n<\/td>\n<td style=\"text-align: center\">&nbsp;<\/td>\n<\/tr>\n<\/tbody>\n<\/table>\n<p>&nbsp;<\/p>\n","protected":false},"excerpt":{"rendered":"<p>Suradnja s vodstvom Unutar svih nas, unutar na\u0161eg fizi\u010dkog tijela, postoji vodstvo. Vrlo \u010desto ga zanemarujemo podlije\u017eu\u0107i vanjskim okolnostima umjesto da se pove\u017eemo s njim. Vanjske okolnosti naj\u010de\u0161\u0107e nam odvla\u010de pa\u017enju od na\u0161ih unutarnjih kreativnih impulsa, od onoga \u0161to mi zaista jesmo&#8230; pro\u010ditaj vi\u0161e Na\u0161e navike postaju na\u0161 karakter Odrastanjem&#133;<\/p>\n","protected":false},"author":1227,"featured_media":0,"parent":0,"menu_order":0,"comment_status":"closed","ping_status":"closed","template":"","meta":{"ngg_post_thumbnail":0},"yoast_head":"<!-- This site is optimized with the Yoast SEO plugin v17.5 - https:\/\/yoast.com\/wordpress\/plugins\/seo\/ -->\n<meta name=\"robots\" content=\"index, follow, max-snippet:-1, max-image-preview:large, max-video-preview:-1\" \/>\n<link rel=\"canonical\" href=\"http:\/\/slavkasekulic.from.hr\/\" \/>\n<meta property=\"og:locale\" content=\"hr_HR\" \/>\n<meta property=\"og:type\" content=\"article\" \/>\n<meta property=\"og:title\" content=\"- Zlatna iskra\" \/>\n<meta property=\"og:description\" content=\"Suradnja s vodstvom Unutar svih nas, unutar na\u0161eg fizi\u010dkog tijela, postoji vodstvo. Vrlo \u010desto ga zanemarujemo podlije\u017eu\u0107i vanjskim okolnostima umjesto da se pove\u017eemo s njim. Vanjske okolnosti naj\u010de\u0161\u0107e nam odvla\u010de pa\u017enju od na\u0161ih unutarnjih kreativnih impulsa, od onoga \u0161to mi zaista jesmo&#8230; pro\u010ditaj vi\u0161e Na\u0161e navike postaju na\u0161 karakter Odrastanjem&#133;\" \/>\n<meta property=\"og:url\" content=\"http:\/\/slavkasekulic.from.hr\/\" \/>\n<meta property=\"og:site_name\" content=\"Zlatna iskra\" \/>\n<meta property=\"article:modified_time\" content=\"2017-06-25T11:36:29+00:00\" \/>\n<meta property=\"og:image\" content=\"http:\/\/slavkasekulic.from.hr\/files\/2016\/11\/iskrice_ban.jpg\" \/>\n<meta name=\"twitter:card\" content=\"summary\" \/>\n<meta name=\"twitter:label1\" content=\"Procijenjeno vrijeme \u010ditanja\" \/>\n\t<meta name=\"twitter:data1\" content=\"2 minute\" \/>\n<script type=\"application\/ld+json\" class=\"yoast-schema-graph\">{\"@context\":\"https:\/\/schema.org\",\"@graph\":[{\"@type\":\"WebSite\",\"@id\":\"http:\/\/slavkasekulic.from.hr\/#website\",\"url\":\"http:\/\/slavkasekulic.from.hr\/\",\"name\":\"Zlatna iskra\",\"description\":\"\",\"potentialAction\":[{\"@type\":\"SearchAction\",\"target\":{\"@type\":\"EntryPoint\",\"urlTemplate\":\"http:\/\/slavkasekulic.from.hr\/?s={search_term_string}\"},\"query-input\":\"required name=search_term_string\"}],\"inLanguage\":\"hr\"},{\"@type\":\"ImageObject\",\"@id\":\"http:\/\/slavkasekulic.from.hr\/#primaryimage\",\"inLanguage\":\"hr\",\"url\":\"http:\/\/slavkasekulic.from.hr\/files\/2016\/11\/iskrice_ban.jpg\",\"contentUrl\":\"http:\/\/slavkasekulic.from.hr\/files\/2016\/11\/iskrice_ban.jpg\"},{\"@type\":\"WebPage\",\"@id\":\"http:\/\/slavkasekulic.from.hr\/#webpage\",\"url\":\"http:\/\/slavkasekulic.from.hr\/\",\"name\":\"- Zlatna iskra\",\"isPartOf\":{\"@id\":\"http:\/\/slavkasekulic.from.hr\/#website\"},\"primaryImageOfPage\":{\"@id\":\"http:\/\/slavkasekulic.from.hr\/#primaryimage\"},\"datePublished\":\"2016-11-01T15:45:50+00:00\",\"dateModified\":\"2017-06-25T11:36:29+00:00\",\"breadcrumb\":{\"@id\":\"http:\/\/slavkasekulic.from.hr\/#breadcrumb\"},\"inLanguage\":\"hr\",\"potentialAction\":[{\"@type\":\"ReadAction\",\"target\":[\"http:\/\/slavkasekulic.from.hr\/\"]}]},{\"@type\":\"BreadcrumbList\",\"@id\":\"http:\/\/slavkasekulic.from.hr\/#breadcrumb\",\"itemListElement\":[{\"@type\":\"ListItem\",\"position\":1,\"name\":\"Home\",\"item\":\"http:\/\/slavkasekulic.from.hr\/\"},{\"@type\":\"ListItem\",\"position\":2,\"name\":\"\"}]}]}<\/script>\n<!-- \/ Yoast SEO plugin. -->","yoast_head_json":{"robots":{"index":"index","follow":"follow","max-snippet":"max-snippet:-1","max-image-preview":"max-image-preview:large","max-video-preview":"max-video-preview:-1"},"canonical":"http:\/\/slavkasekulic.from.hr\/","og_locale":"hr_HR","og_type":"article","og_title":"- Zlatna iskra","og_description":"Suradnja s vodstvom Unutar svih nas, unutar na\u0161eg fizi\u010dkog tijela, postoji vodstvo. Vrlo \u010desto ga zanemarujemo podlije\u017eu\u0107i vanjskim okolnostima umjesto da se pove\u017eemo s njim. Vanjske okolnosti naj\u010de\u0161\u0107e nam odvla\u010de pa\u017enju od na\u0161ih unutarnjih kreativnih impulsa, od onoga \u0161to mi zaista jesmo&#8230; pro\u010ditaj vi\u0161e Na\u0161e navike postaju na\u0161 karakter Odrastanjem&#133;","og_url":"http:\/\/slavkasekulic.from.hr\/","og_site_name":"Zlatna iskra","article_modified_time":"2017-06-25T11:36:29+00:00","og_image":[{"url":"http:\/\/slavkasekulic.from.hr\/files\/2016\/11\/iskrice_ban.jpg"}],"twitter_card":"summary","twitter_misc":{"Procijenjeno vrijeme \u010ditanja":"2 minute"},"schema":{"@context":"https:\/\/schema.org","@graph":[{"@type":"WebSite","@id":"http:\/\/slavkasekulic.from.hr\/#website","url":"http:\/\/slavkasekulic.from.hr\/","name":"Zlatna iskra","description":"","potentialAction":[{"@type":"SearchAction","target":{"@type":"EntryPoint","urlTemplate":"http:\/\/slavkasekulic.from.hr\/?s={search_term_string}"},"query-input":"required name=search_term_string"}],"inLanguage":"hr"},{"@type":"ImageObject","@id":"http:\/\/slavkasekulic.from.hr\/#primaryimage","inLanguage":"hr","url":"http:\/\/slavkasekulic.from.hr\/files\/2016\/11\/iskrice_ban.jpg","contentUrl":"http:\/\/slavkasekulic.from.hr\/files\/2016\/11\/iskrice_ban.jpg"},{"@type":"WebPage","@id":"http:\/\/slavkasekulic.from.hr\/#webpage","url":"http:\/\/slavkasekulic.from.hr\/","name":"- Zlatna iskra","isPartOf":{"@id":"http:\/\/slavkasekulic.from.hr\/#website"},"primaryImageOfPage":{"@id":"http:\/\/slavkasekulic.from.hr\/#primaryimage"},"datePublished":"2016-11-01T15:45:50+00:00","dateModified":"2017-06-25T11:36:29+00:00","breadcrumb":{"@id":"http:\/\/slavkasekulic.from.hr\/#breadcrumb"},"inLanguage":"hr","potentialAction":[{"@type":"ReadAction","target":["http:\/\/slavkasekulic.from.hr\/"]}]},{"@type":"BreadcrumbList","@id":"http:\/\/slavkasekulic.from.hr\/#breadcrumb","itemListElement":[{"@type":"ListItem","position":1,"name":"Home","item":"http:\/\/slavkasekulic.from.hr\/"},{"@type":"ListItem","position":2,"name":""}]}]}},"_links":{"self":[{"href":"http:\/\/slavkasekulic.from.hr\/index.php?rest_route=\/wp\/v2\/pages\/189"}],"collection":[{"href":"http:\/\/slavkasekulic.from.hr\/index.php?rest_route=\/wp\/v2\/pages"}],"about":[{"href":"http:\/\/slavkasekulic.from.hr\/index.php?rest_route=\/wp\/v2\/types\/page"}],"author":[{"embeddable":true,"href":"http:\/\/slavkasekulic.from.hr\/index.php?rest_route=\/wp\/v2\/users\/1227"}],"replies":[{"embeddable":true,"href":"http:\/\/slavkasekulic.from.hr\/index.php?rest_route=%2Fwp%2Fv2%2Fcomments&post=189"}],"version-history":[{"count":102,"href":"http:\/\/slavkasekulic.from.hr\/index.php?rest_route=\/wp\/v2\/pages\/189\/revisions"}],"predecessor-version":[{"id":391,"href":"http:\/\/slavkasekulic.from.hr\/index.php?rest_route=\/wp\/v2\/pages\/189\/revisions\/391"}],"wp:attachment":[{"href":"http:\/\/slavkasekulic.from.hr\/index.php?rest_route=%2Fwp%2Fv2%2Fmedia&parent=189"}],"curies":[{"name":"wp","href":"https:\/\/api.w.org\/{rel}","templated":true}]}}