{"id":293,"date":"2016-12-21T21:17:40","date_gmt":"2016-12-21T21:17:40","guid":{"rendered":"http:\/\/slavkasekulic.from.hr\/?page_id=293"},"modified":"2016-12-21T21:37:20","modified_gmt":"2016-12-21T21:37:20","slug":"biti-ono-sto-jesmo-je-veliki-zivotni-privilegij","status":"publish","type":"page","link":"http:\/\/slavkasekulic.from.hr\/?page_id=293","title":{"rendered":"Biti ono \u0161to jesmo je veliki \u017eivotni privilegij"},"content":{"rendered":"<p><strong>&#8220;Svetac je gre\u0161nik koji nikad nije odustao&#8221; (<\/strong><strong><em>Jogananda<\/em>)<\/strong><\/p>\n<p><a href=\"http:\/\/slavkasekulic.from.hr\/files\/2016\/12\/chardin.jpg\"><img loading=\"lazy\" class=\"alignleft wp-image-294\" src=\"http:\/\/slavkasekulic.from.hr\/files\/2016\/12\/chardin.jpg\" alt=\"chardin\" width=\"324\" height=\"406\" srcset=\"http:\/\/slavkasekulic.from.hr\/files\/2016\/12\/chardin.jpg 564w, http:\/\/slavkasekulic.from.hr\/files\/2016\/12\/chardin-240x300.jpg 240w\" sizes=\"(max-width: 324px) 100vw, 324px\" \/><\/a>Inteligencija i svjetovni polo\u017eaj imaju malo veze sa sre\u0107om i zdravim ljudskim odnosima.<\/p>\n<p>Cilj na\u0161eg boravka na zemlji trebao bi biti posve\u0107en na\u0161em duhovnom razvoju budu\u0107i da smo mi duhovna bi\u0107a u fizi\u010dkom tijelu, a ne fizi\u010dka bi\u0107a u potrazi za duhovnim. Posve\u0107enost podrazumijeva na\u0161u stalnu pa\u017enju na sve ono \u0161to se de\u0161ava u nama, bilo to pozitivno ili negativno.<br \/>\nRade\u0107i na sebi, otkrivaju\u0107i i mijenjaju\u0107i sebe do\u0107i \u0107emo do na\u0161e biti, na\u0161e izvorne prirode. \u017dive\u0107i svoju izvornost bit \u0107emo povezani sa \u017eivotnom rado\u0161\u0107u i sre\u0107om koja ne ovisi o bilo kojem od promjenjivih uvjeta u svijetu. Dolazak na to mjesto daje nam jedino vlastiti svjestan unutra\u0161nji preobra\u017eaj. Promjena koja nije uvijek jednostavna i laka. Ta promjena zahtijeva prolazak kroz pote\u0161ko\u0107e kao dio na\u0161eg unutarnjeg rada, direktno konfrontiranje i mijenjanje \u017eivotnih uvjerenja. Suprotno tome bijeg od konfrontiranja je bijeg od boli ali i od vlastitog \u017eivota i vlastitog ljudskog postojanja.<\/p>\n<p>\u010cesto se pitamo kako mogu \u017eivjeti duhovno svjesnije u svakodnevnom \u017eivotu?<br \/>\nKako mogu razvijati svoju emotivnu svjesnost?<\/p>\n<p>Sve duhovne prakse: meditacija, povla\u010denje, molitva\u2026. dobar su put ka dubljim uvidima u sebe. Ali na\u0161e svakodnevno funkcioniranje u svijetu jasno \u0107e nam pokazati gdje jo\u0161 nismo odrasli, gdje nosimo dje\u010dje povrede. Mjesta gdje zapinjemo, gdje nam ne ide su mjesta na\u0161eg rasta. Ta mjesta su to\u010dke na\u0161eg emotivnog, mentalnog i fizi\u010dkog izlje\u010denja koje nose duhovno izlje\u010denje.<br \/>\nNa\u0161a emotivna nezrelost stvara iznova iste bolne obrasce. Tako svakodnevno \u017eivimo bolne emocije kao \u0161to su strah, sram, krivnja i tuga, poku\u0161avaju\u0107i negirati to \u0161to nas \u010dini nesretnim. Na\u0161e svakodnevno svjesno samopromatranje mo\u017ee nam pomo\u0107i da sve to u sebi vidimo jasnije. Mo\u017eemo meditirati i slati dobro cijelom univerzumu ali ako se jedna osoba pojavi ispred nas sa kojom nemamo ra\u0161\u010di\u0161\u0107ene emotivne odnose sve pada u vodu. To su jasni pokazatelji gdje smo. Neke stvari mo\u017eemo svjesno mentalno potiskivati ali s tim ne rje\u0161avamo ni\u0161ta emotivno.<\/p>\n<p>Emotivni rast podrazumijeva susret sa svim emocijama u nama, to je rad na vlastitim osje\u0107ajima. Na\u0161e promatranje sebe sa \u010distim srcem. Na putu do srca dolazit \u0107emo u konflikt s nezrelim dje\u010djim egom. Na\u0161a transformacija \u0107e zahtijevati promjenu i odustajanje od starih obrazaca pona\u0161anja te prihva\u0107anje novootkrivenog. Klju\u010dno je voljeti i prihvatiti sebe bez osude po\u0161tuju\u0107i svoje mogu\u0107nosti u tom trenutku, postavljaju\u0107i zdrave granice, razumijevaju\u0107i svoju fizi\u010dku spremnost.<\/p>\n<p>Ako smo kroz \u017eivot skloni krutim stavovima, kroz duhovnost krutost \u0107e biti jo\u0161 nagla\u0161enija. Kada nismo povezani sa sobom, svojim tijelom, svojim osje\u0107ajima, svojom ljudskom prolazno\u0161\u0107u sva nastojanja ka duhovnom cilju samo poja\u010davaju tu odvojenost. Na\u010din na koji se ophodimo prema tijelu nema razlike od na\u010dina kako se ophodimo prema obitelji ili svijetu u kojem \u017eivimo. Ako ne osje\u0107amo svoje istinske potrebe, ne vrjednujemo svoje tijelo ne mo\u017eemo vrjednovati ni osjetiti sve oko sebe; obitelj, svijet.<\/p>\n<p>Pogre\u0161ke dana\u0161njeg dru\u0161tva kojima smo izlo\u017eeni ambicije, materijalizam, izoliranost\u2026. mo\u017eemo gre\u0161kom ponavljati i u osobnom duhovnom \u017eivotu. Misle\u0107i da ni\u0161ta ne osje\u0107amo zapravo nosimo strah kojeg nismo svjesni. Strah od povjerenja u duge ljude u Univerzum i u same sebe. Da bi smo to prevladali, istinski se otvorili treba nam snaga, hrabrost, predan rad i srce borca. To je osobni put i susret s nama u nama. Ljubav je ono sa \u010dim smo ro\u0111eni, strah je ono \u0161to smo nau\u010dili. Put ka srcu je otpu\u0161tanje straha bez bje\u017eanja, bez prekrivanja s bilo kojom filozofijom, materijalnom ili duhovnom. Ako \u017eelimo \u017eivjeti duhovni \u017eivot potrebno ga je utjeloviti u svakodnevnom \u017eivotu.<\/p>\n<p>Ljudski put ka duhovnom je put kroz sve dijelove na\u0161e osobnosti \u2013 kroz fizi\u010dko, emotivno i mentalno. Taj put ostvarujemo kroz osvje\u0161tavanja sebe u odnosu na svoju obitelj i okolinu u kojoj obitavamo. Ljubav i blagostanje ne mo\u017eemo osje\u0107ati ako smo ispunjeni osu\u0111ivanjem, gnjevom, mr\u017enjom, strahom, napeto\u0161\u0107u ili sli\u010dno. Ti negativni unutra\u0161nji misaoni obrasci onemogu\u0107uju nam duhovni rast. Ne mo\u017eemo biti ispunjeni i zavidni istodobno. Na\u0161a okolina je kao znakovlje na putu na\u0161eg duhovnog rasta prolaze\u0107i kroz ovaj \u017eivot, kroz ovo postojanje. To je na\u0161 osobni ples, ples na\u0161e du\u0161e, na\u0161eg srca sa svime oko nas dodiruju\u0107i i mijenjaju\u0107i kako svoje tako i njihove \u017eivote.<\/p>\n<p>Postavite sebi pitanje;<br \/>\n-\u0160to me mo\u017ee dovesti do ve\u0107e otvorenosti, iskrenosti i dublje sposobnosti za ljubav?<\/p>\n<p>Pri odlasku sa ovog svijeta naj\u010de\u0161\u0107a pitanja su;<br \/>\n&#8211; Jesmo li voljeli na pravi na\u010din?<br \/>\n&#8211; Jesmo li u potpunosti \u017eivjeli svoj \u017eivot?<br \/>\n&#8211; Jesmo li oprostili?<\/p>\n","protected":false},"excerpt":{"rendered":"<p>&#8220;Svetac je gre\u0161nik koji nikad nije odustao&#8221; (Jogananda) Inteligencija i svjetovni polo\u017eaj imaju malo veze sa sre\u0107om i zdravim ljudskim odnosima. Cilj na\u0161eg boravka na zemlji trebao bi biti posve\u0107en na\u0161em duhovnom razvoju budu\u0107i da smo mi duhovna bi\u0107a u fizi\u010dkom tijelu, a ne fizi\u010dka bi\u0107a u potrazi za duhovnim.&#133;<\/p>\n","protected":false},"author":1227,"featured_media":0,"parent":0,"menu_order":0,"comment_status":"closed","ping_status":"closed","template":"","meta":{"ngg_post_thumbnail":0},"yoast_head":"<!-- This site is optimized with the Yoast SEO plugin v17.5 - https:\/\/yoast.com\/wordpress\/plugins\/seo\/ -->\n<meta name=\"robots\" content=\"index, follow, max-snippet:-1, max-image-preview:large, max-video-preview:-1\" \/>\n<link rel=\"canonical\" href=\"http:\/\/slavkasekulic.from.hr\/?page_id=293\" \/>\n<meta property=\"og:locale\" content=\"hr_HR\" \/>\n<meta property=\"og:type\" content=\"article\" \/>\n<meta property=\"og:title\" content=\"Biti ono \u0161to jesmo je veliki \u017eivotni privilegij - Zlatna iskra\" \/>\n<meta property=\"og:description\" content=\"&#8220;Svetac je gre\u0161nik koji nikad nije odustao&#8221; (Jogananda) Inteligencija i svjetovni polo\u017eaj imaju malo veze sa sre\u0107om i zdravim ljudskim odnosima. Cilj na\u0161eg boravka na zemlji trebao bi biti posve\u0107en na\u0161em duhovnom razvoju budu\u0107i da smo mi duhovna bi\u0107a u fizi\u010dkom tijelu, a ne fizi\u010dka bi\u0107a u potrazi za duhovnim.&#133;\" \/>\n<meta property=\"og:url\" content=\"http:\/\/slavkasekulic.from.hr\/?page_id=293\" \/>\n<meta property=\"og:site_name\" content=\"Zlatna iskra\" \/>\n<meta property=\"article:modified_time\" content=\"2016-12-21T21:37:20+00:00\" \/>\n<meta property=\"og:image\" content=\"http:\/\/slavkasekulic.from.hr\/files\/2016\/12\/chardin.jpg\" \/>\n<meta name=\"twitter:card\" content=\"summary\" \/>\n<meta name=\"twitter:label1\" content=\"Procijenjeno vrijeme \u010ditanja\" \/>\n\t<meta name=\"twitter:data1\" content=\"4 minute\" \/>\n<script type=\"application\/ld+json\" class=\"yoast-schema-graph\">{\"@context\":\"https:\/\/schema.org\",\"@graph\":[{\"@type\":\"WebSite\",\"@id\":\"http:\/\/slavkasekulic.from.hr\/#website\",\"url\":\"http:\/\/slavkasekulic.from.hr\/\",\"name\":\"Zlatna iskra\",\"description\":\"\",\"potentialAction\":[{\"@type\":\"SearchAction\",\"target\":{\"@type\":\"EntryPoint\",\"urlTemplate\":\"http:\/\/slavkasekulic.from.hr\/?s={search_term_string}\"},\"query-input\":\"required name=search_term_string\"}],\"inLanguage\":\"hr\"},{\"@type\":\"ImageObject\",\"@id\":\"http:\/\/slavkasekulic.from.hr\/?page_id=293#primaryimage\",\"inLanguage\":\"hr\",\"url\":\"http:\/\/slavkasekulic.from.hr\/files\/2016\/12\/chardin.jpg\",\"contentUrl\":\"http:\/\/slavkasekulic.from.hr\/files\/2016\/12\/chardin.jpg\"},{\"@type\":\"WebPage\",\"@id\":\"http:\/\/slavkasekulic.from.hr\/?page_id=293#webpage\",\"url\":\"http:\/\/slavkasekulic.from.hr\/?page_id=293\",\"name\":\"Biti ono \\u0161to jesmo je veliki \\u017eivotni privilegij - Zlatna iskra\",\"isPartOf\":{\"@id\":\"http:\/\/slavkasekulic.from.hr\/#website\"},\"primaryImageOfPage\":{\"@id\":\"http:\/\/slavkasekulic.from.hr\/?page_id=293#primaryimage\"},\"datePublished\":\"2016-12-21T21:17:40+00:00\",\"dateModified\":\"2016-12-21T21:37:20+00:00\",\"breadcrumb\":{\"@id\":\"http:\/\/slavkasekulic.from.hr\/?page_id=293#breadcrumb\"},\"inLanguage\":\"hr\",\"potentialAction\":[{\"@type\":\"ReadAction\",\"target\":[\"http:\/\/slavkasekulic.from.hr\/?page_id=293\"]}]},{\"@type\":\"BreadcrumbList\",\"@id\":\"http:\/\/slavkasekulic.from.hr\/?page_id=293#breadcrumb\",\"itemListElement\":[{\"@type\":\"ListItem\",\"position\":1,\"name\":\"Home\",\"item\":\"http:\/\/slavkasekulic.from.hr\/\"},{\"@type\":\"ListItem\",\"position\":2,\"name\":\"Biti ono \\u0161to jesmo je veliki \\u017eivotni privilegij\"}]}]}<\/script>\n<!-- \/ Yoast SEO plugin. -->","yoast_head_json":{"robots":{"index":"index","follow":"follow","max-snippet":"max-snippet:-1","max-image-preview":"max-image-preview:large","max-video-preview":"max-video-preview:-1"},"canonical":"http:\/\/slavkasekulic.from.hr\/?page_id=293","og_locale":"hr_HR","og_type":"article","og_title":"Biti ono \u0161to jesmo je veliki \u017eivotni privilegij - Zlatna iskra","og_description":"&#8220;Svetac je gre\u0161nik koji nikad nije odustao&#8221; (Jogananda) Inteligencija i svjetovni polo\u017eaj imaju malo veze sa sre\u0107om i zdravim ljudskim odnosima. Cilj na\u0161eg boravka na zemlji trebao bi biti posve\u0107en na\u0161em duhovnom razvoju budu\u0107i da smo mi duhovna bi\u0107a u fizi\u010dkom tijelu, a ne fizi\u010dka bi\u0107a u potrazi za duhovnim.&#133;","og_url":"http:\/\/slavkasekulic.from.hr\/?page_id=293","og_site_name":"Zlatna iskra","article_modified_time":"2016-12-21T21:37:20+00:00","og_image":[{"url":"http:\/\/slavkasekulic.from.hr\/files\/2016\/12\/chardin.jpg"}],"twitter_card":"summary","twitter_misc":{"Procijenjeno vrijeme \u010ditanja":"4 minute"},"schema":{"@context":"https:\/\/schema.org","@graph":[{"@type":"WebSite","@id":"http:\/\/slavkasekulic.from.hr\/#website","url":"http:\/\/slavkasekulic.from.hr\/","name":"Zlatna iskra","description":"","potentialAction":[{"@type":"SearchAction","target":{"@type":"EntryPoint","urlTemplate":"http:\/\/slavkasekulic.from.hr\/?s={search_term_string}"},"query-input":"required name=search_term_string"}],"inLanguage":"hr"},{"@type":"ImageObject","@id":"http:\/\/slavkasekulic.from.hr\/?page_id=293#primaryimage","inLanguage":"hr","url":"http:\/\/slavkasekulic.from.hr\/files\/2016\/12\/chardin.jpg","contentUrl":"http:\/\/slavkasekulic.from.hr\/files\/2016\/12\/chardin.jpg"},{"@type":"WebPage","@id":"http:\/\/slavkasekulic.from.hr\/?page_id=293#webpage","url":"http:\/\/slavkasekulic.from.hr\/?page_id=293","name":"Biti ono \u0161to jesmo je veliki \u017eivotni privilegij - Zlatna iskra","isPartOf":{"@id":"http:\/\/slavkasekulic.from.hr\/#website"},"primaryImageOfPage":{"@id":"http:\/\/slavkasekulic.from.hr\/?page_id=293#primaryimage"},"datePublished":"2016-12-21T21:17:40+00:00","dateModified":"2016-12-21T21:37:20+00:00","breadcrumb":{"@id":"http:\/\/slavkasekulic.from.hr\/?page_id=293#breadcrumb"},"inLanguage":"hr","potentialAction":[{"@type":"ReadAction","target":["http:\/\/slavkasekulic.from.hr\/?page_id=293"]}]},{"@type":"BreadcrumbList","@id":"http:\/\/slavkasekulic.from.hr\/?page_id=293#breadcrumb","itemListElement":[{"@type":"ListItem","position":1,"name":"Home","item":"http:\/\/slavkasekulic.from.hr\/"},{"@type":"ListItem","position":2,"name":"Biti ono \u0161to jesmo je veliki \u017eivotni privilegij"}]}]}},"_links":{"self":[{"href":"http:\/\/slavkasekulic.from.hr\/index.php?rest_route=\/wp\/v2\/pages\/293"}],"collection":[{"href":"http:\/\/slavkasekulic.from.hr\/index.php?rest_route=\/wp\/v2\/pages"}],"about":[{"href":"http:\/\/slavkasekulic.from.hr\/index.php?rest_route=\/wp\/v2\/types\/page"}],"author":[{"embeddable":true,"href":"http:\/\/slavkasekulic.from.hr\/index.php?rest_route=\/wp\/v2\/users\/1227"}],"replies":[{"embeddable":true,"href":"http:\/\/slavkasekulic.from.hr\/index.php?rest_route=%2Fwp%2Fv2%2Fcomments&post=293"}],"version-history":[{"count":4,"href":"http:\/\/slavkasekulic.from.hr\/index.php?rest_route=\/wp\/v2\/pages\/293\/revisions"}],"predecessor-version":[{"id":298,"href":"http:\/\/slavkasekulic.from.hr\/index.php?rest_route=\/wp\/v2\/pages\/293\/revisions\/298"}],"wp:attachment":[{"href":"http:\/\/slavkasekulic.from.hr\/index.php?rest_route=%2Fwp%2Fv2%2Fmedia&parent=293"}],"curies":[{"name":"wp","href":"https:\/\/api.w.org\/{rel}","templated":true}]}}