{"id":312,"date":"2017-01-19T07:23:02","date_gmt":"2017-01-19T07:23:02","guid":{"rendered":"http:\/\/slavkasekulic.from.hr\/?page_id=312"},"modified":"2017-01-19T15:57:11","modified_gmt":"2017-01-19T15:57:11","slug":"vjera-u-sebe-je-jednaka-povjerenju-u-zivot","status":"publish","type":"page","link":"http:\/\/slavkasekulic.from.hr\/?page_id=312","title":{"rendered":"Vjera u sebe je jednaka povjerenju u \u017eivot"},"content":{"rendered":"<p><a href=\"http:\/\/slavkasekulic.from.hr\/files\/2017\/01\/IMG_1711.png\"><img loading=\"lazy\" class=\"alignnone wp-image-313 size-full\" src=\"http:\/\/slavkasekulic.from.hr\/files\/2017\/01\/IMG_1711.png\" alt=\"IMG_1711\" width=\"591\" height=\"359\" srcset=\"http:\/\/slavkasekulic.from.hr\/files\/2017\/01\/IMG_1711.png 591w, http:\/\/slavkasekulic.from.hr\/files\/2017\/01\/IMG_1711-300x182.png 300w, http:\/\/slavkasekulic.from.hr\/files\/2017\/01\/IMG_1711-280x169.png 280w\" sizes=\"(max-width: 591px) 100vw, 591px\" \/><\/a><\/p>\n<p><em>Ljudski duh je ja\u010di od bilo \u010dega \u0161to mu se mo\u017ee dogoditi. \u00a0 \u00a0 ~C.C. Scott<\/em><\/p>\n<p><em>\u00a0<\/em><em>Snaga ne dolazi iz fizi\u010dkih mogu\u0107nosti, ona dolazi iz neslomljive volje. \u00a0 \u00a0 ~Mahatma Gandhi<\/em><\/p>\n<p><em>\u00a0<\/em><\/p>\n<p>Od toga kakav osje\u0107aj nosimo o sebi, koliko imamo povjerenja u sebe ovisi koliko \u0107emo ispunjen \u017eivot \u017eivjeti te koliko \u0107emo povjerenja imati u njega.<\/p>\n<p>Svi smo do\u0161li na ovaj svijet sa zadatkom da ga unaprijedimo, da kvalitete na\u0161e du\u0161e donesemo kao darove \u010dovje\u010danstvu neovisno o kojim se kvalitetama radi. Svaka kvaliteta nadopunjuje jedna drugu stvaraju\u0107i cjelinu kao \u0161to mozaik \u010dine raznobojne kockice.<\/p>\n<p>Ako nismo do\u0161li u kontakt s na\u0161om kvalitetom i svrhom, \u017eivjet \u0107emo \u017eivot s vi\u0161e te\u017eine, a manje zadovoljstva. Posao kojeg obavljamo trpjet \u0107e isto kao i mi i na\u0161a okolina. Sve \u0161to radimo zato \u0161to mislimo da nemamo izbora, ne usudimo se ili zato \u0161to se od nas o\u010dekuje, ne daje rezultat jednak onomu kojeg obavljamo sa srcem i iz du\u0161e.<\/p>\n<p>Naj\u010de\u0161\u0107e pro\u0111e puno godina, ponekad pola \u017eivota ili cijeli a da uop\u0107e nismo svjesni tko mi uistinu jesmo. Ne mo\u017eemo spoznati \u0161to bi nas to u\u010dinilo radosnim i poletnim, da stvaramo i dajemo iz srca neumorni ili pak fizi\u010dki umorni ali ispunjeni.<\/p>\n<p>Vrlo \u010desto kroz na\u0161e odrastanje nismo bili poticani i podr\u017eani u razvijanju na\u0161e osobnosti. Nismo bili u mogu\u0107nosti pratiti na\u0161e unutarnje impulse. Umjesto razvijanja vlastite osobnosti mi smo se nastojali uklopiti u svoju okolinu da bi bili prihva\u0107eni, voljeni. Takvo pona\u0161anje ostavlja posljedice na kasnije pona\u0161anje, u odrasloj dobi. Kada odrastemo naj\u010de\u0161\u0107e nastavljamo isto, pratiti okolinu \u0161to ona odobrava a ne \u0161to mi osje\u0107amo i \u017eelimo. Takvo pona\u0161anje oslabljuje na\u0161 osje\u0107aj vrijednosti, na\u0161u osobnu mo\u0107. Ne usudimo se tra\u017eiti, zauzeti za sebe, postaviti zdrave granice u nezadovoljavaju\u0107im uvjetima. Ostajemo u neispunjavaju\u0107im vezama ili prekidamo ponavljaju\u0107i iste pogre\u0161ke bez spoznaje za\u0161to se tako pona\u0161amo.<\/p>\n<p>S obzirom da smo kao du\u0161e do\u0161li ovdje na zemlju u\u010diti i rasti, doga\u0111aji u na\u0161em \u017eivotu \u0107e se ponavljati dok ne nau\u010dimo ono \u0161to ne znamo. Ako ne znamo cijeniti sebe, vrjednovati sebe za\u0161to o\u010dekujemo da \u0107e to uraditi drugi oko nas, na\u0161 intimni partner, poslovni partner, okolina. Tra\u017eimo od njih da nas cijene, vole, vide, prihvate sve ono \u0161to mi sami ne osje\u0107amo i ne vidimo kod sebe. Kako oni mogu vidjeti i vrjednovati na\u0161e kvalitete a mi ih sami ne vidimo i ne vrjednujemo?<\/p>\n<p>Ako istinski iz srca \u017eelimo promjenu, ako zamolimo vodstvo u sebi i ostanemo u toj namjeri, promjene \u0107e se po\u010deti doga\u0111ati.<\/p>\n<p>Zapitajte se:<\/p>\n<p>Za\u0161to ne poduzmem ne\u0161to, \u0161to me to dr\u017ei na mjestu?<\/p>\n<p>Kakvo moje pona\u0161anje daje ovakve rezultate?<\/p>\n<p>\u0160to dobivam, a \u0161to gubim ovakvim pona\u0161anjem?<\/p>\n<p>\u0160to moram mijenjati da bi moj \u017eivot bio ispunjen?<\/p>\n<p>\u0160to mogu nau\u010diti iz ovog iskustva?<\/p>\n<p>Ako \u017eelimo mijenjati situaciju u kojoj jesmo, moramo promatrati, razumjeti i mijenjati na\u0161e pona\u0161anje. Znati da je na\u0161 \u017eivot na\u0161a odgovornost. Ne pori\u010du\u0107i svoju odgovornost, ne pripisuju\u0107i to vanjskim okolnostima otvaramo se za u\u010denje kroz promjene. Svi doga\u0111aji, bilo pozitivni ili negativni, govore nam o tome gdje te\u010demo u skladu Bo\u017eanske energije u nama a gdje smo jo\u0161 nesvjesni. Sva bolna iskustva govore nam o neintegriranim djelovima na\u0161e osobnosti koja te\u017ee ujedinjenju.<\/p>\n<p>U svima nama postoji mudri dio, Vi\u0161a svijest, povezana sa dobrom univerzuma, s Bo\u017eanskim. Kada se pove\u017eemo s tim dijelom sebe to je kao vra\u0107anje ku\u0107i, vra\u0107anje izvoru, vra\u0107anje svojoj biti. Sva na\u0161a bolna iskustva, svi doga\u0111aji odjednom imaju dublji smisao. Shva\u0107amo da nas je sve vodilo da do\u0111emo do na\u0161e izvorne mo\u0107i. Na\u0161a du\u0161a dobiva trajne uvide, znanje koje je neizbrisivo, koje nosimo sa sobom, zauvijek. Tada sa sebe di\u017eemo veo iluzije, dolazimo do spoznaje \u0161to \u017eivot uistinu jeste. Otkrivamo slobodu na\u0161eg duha i cijenimo tu slobodu u drugima. Postajemo bi\u0107a otvorenog srca. Kada smo ispunjeni ljubavlju imamo kapacitete osna\u017eiti i doprijeti do srca druge osobe. Shva\u0107amo da su odluke donesene iz srca najve\u0107e vrijednosti \u010dovje\u010danstva. Sve ostalo vanjsko je nesloboda, robovanje bilo kojoj nametnutoj ideji, doktrini, emociji. Jedino sna\u017ean i ispunjen unutarnji \u017eivot daje mir i snagu na vani. Vanjske prepreke ne\u0107emo vi\u0161e gledati kao mjesta spoticanja i boli, razumjet \u0107emo ih i prihvatiti kao znakove za na\u0161 duhovni rast. Postepeno na\u0161 \u017divot pretvaramo u svrhovit i smislen neovisno o tome koju svrhu smo izabrali \u017eivjeti.<\/p>\n","protected":false},"excerpt":{"rendered":"<p>Ljudski duh je ja\u010di od bilo \u010dega \u0161to mu se mo\u017ee dogoditi. \u00a0 \u00a0 ~C.C. Scott \u00a0Snaga ne dolazi iz fizi\u010dkih mogu\u0107nosti, ona dolazi iz neslomljive volje. \u00a0 \u00a0 ~Mahatma Gandhi \u00a0 Od toga kakav osje\u0107aj nosimo o sebi, koliko imamo povjerenja u sebe ovisi koliko \u0107emo ispunjen \u017eivot \u017eivjeti&#133;<\/p>\n","protected":false},"author":1227,"featured_media":0,"parent":0,"menu_order":0,"comment_status":"closed","ping_status":"closed","template":"","meta":{"ngg_post_thumbnail":0},"yoast_head":"<!-- This site is optimized with the Yoast SEO plugin v17.5 - https:\/\/yoast.com\/wordpress\/plugins\/seo\/ -->\n<meta name=\"robots\" content=\"index, follow, max-snippet:-1, max-image-preview:large, max-video-preview:-1\" \/>\n<link rel=\"canonical\" href=\"http:\/\/slavkasekulic.from.hr\/?page_id=312\" \/>\n<meta property=\"og:locale\" content=\"hr_HR\" \/>\n<meta property=\"og:type\" content=\"article\" \/>\n<meta property=\"og:title\" content=\"Vjera u sebe je jednaka povjerenju u \u017eivot - Zlatna iskra\" \/>\n<meta property=\"og:description\" content=\"Ljudski duh je ja\u010di od bilo \u010dega \u0161to mu se mo\u017ee dogoditi. \u00a0 \u00a0 ~C.C. Scott \u00a0Snaga ne dolazi iz fizi\u010dkih mogu\u0107nosti, ona dolazi iz neslomljive volje. \u00a0 \u00a0 ~Mahatma Gandhi \u00a0 Od toga kakav osje\u0107aj nosimo o sebi, koliko imamo povjerenja u sebe ovisi koliko \u0107emo ispunjen \u017eivot \u017eivjeti&#133;\" \/>\n<meta property=\"og:url\" content=\"http:\/\/slavkasekulic.from.hr\/?page_id=312\" \/>\n<meta property=\"og:site_name\" content=\"Zlatna iskra\" \/>\n<meta property=\"article:modified_time\" content=\"2017-01-19T15:57:11+00:00\" \/>\n<meta property=\"og:image\" content=\"http:\/\/slavkasekulic.from.hr\/files\/2017\/01\/IMG_1711.png\" \/>\n<meta name=\"twitter:card\" content=\"summary\" \/>\n<meta name=\"twitter:label1\" content=\"Procijenjeno vrijeme \u010ditanja\" \/>\n\t<meta name=\"twitter:data1\" content=\"4 minute\" \/>\n<script type=\"application\/ld+json\" class=\"yoast-schema-graph\">{\"@context\":\"https:\/\/schema.org\",\"@graph\":[{\"@type\":\"WebSite\",\"@id\":\"http:\/\/slavkasekulic.from.hr\/#website\",\"url\":\"http:\/\/slavkasekulic.from.hr\/\",\"name\":\"Zlatna iskra\",\"description\":\"\",\"potentialAction\":[{\"@type\":\"SearchAction\",\"target\":{\"@type\":\"EntryPoint\",\"urlTemplate\":\"http:\/\/slavkasekulic.from.hr\/?s={search_term_string}\"},\"query-input\":\"required name=search_term_string\"}],\"inLanguage\":\"hr\"},{\"@type\":\"ImageObject\",\"@id\":\"http:\/\/slavkasekulic.from.hr\/?page_id=312#primaryimage\",\"inLanguage\":\"hr\",\"url\":\"http:\/\/slavkasekulic.from.hr\/files\/2017\/01\/IMG_1711.png\",\"contentUrl\":\"http:\/\/slavkasekulic.from.hr\/files\/2017\/01\/IMG_1711.png\"},{\"@type\":\"WebPage\",\"@id\":\"http:\/\/slavkasekulic.from.hr\/?page_id=312#webpage\",\"url\":\"http:\/\/slavkasekulic.from.hr\/?page_id=312\",\"name\":\"Vjera u sebe je jednaka povjerenju u \\u017eivot - Zlatna iskra\",\"isPartOf\":{\"@id\":\"http:\/\/slavkasekulic.from.hr\/#website\"},\"primaryImageOfPage\":{\"@id\":\"http:\/\/slavkasekulic.from.hr\/?page_id=312#primaryimage\"},\"datePublished\":\"2017-01-19T07:23:02+00:00\",\"dateModified\":\"2017-01-19T15:57:11+00:00\",\"breadcrumb\":{\"@id\":\"http:\/\/slavkasekulic.from.hr\/?page_id=312#breadcrumb\"},\"inLanguage\":\"hr\",\"potentialAction\":[{\"@type\":\"ReadAction\",\"target\":[\"http:\/\/slavkasekulic.from.hr\/?page_id=312\"]}]},{\"@type\":\"BreadcrumbList\",\"@id\":\"http:\/\/slavkasekulic.from.hr\/?page_id=312#breadcrumb\",\"itemListElement\":[{\"@type\":\"ListItem\",\"position\":1,\"name\":\"Home\",\"item\":\"http:\/\/slavkasekulic.from.hr\/\"},{\"@type\":\"ListItem\",\"position\":2,\"name\":\"Vjera u sebe je jednaka povjerenju u \\u017eivot\"}]}]}<\/script>\n<!-- \/ Yoast SEO plugin. -->","yoast_head_json":{"robots":{"index":"index","follow":"follow","max-snippet":"max-snippet:-1","max-image-preview":"max-image-preview:large","max-video-preview":"max-video-preview:-1"},"canonical":"http:\/\/slavkasekulic.from.hr\/?page_id=312","og_locale":"hr_HR","og_type":"article","og_title":"Vjera u sebe je jednaka povjerenju u \u017eivot - Zlatna iskra","og_description":"Ljudski duh je ja\u010di od bilo \u010dega \u0161to mu se mo\u017ee dogoditi. \u00a0 \u00a0 ~C.C. Scott \u00a0Snaga ne dolazi iz fizi\u010dkih mogu\u0107nosti, ona dolazi iz neslomljive volje. \u00a0 \u00a0 ~Mahatma Gandhi \u00a0 Od toga kakav osje\u0107aj nosimo o sebi, koliko imamo povjerenja u sebe ovisi koliko \u0107emo ispunjen \u017eivot \u017eivjeti&#133;","og_url":"http:\/\/slavkasekulic.from.hr\/?page_id=312","og_site_name":"Zlatna iskra","article_modified_time":"2017-01-19T15:57:11+00:00","og_image":[{"url":"http:\/\/slavkasekulic.from.hr\/files\/2017\/01\/IMG_1711.png"}],"twitter_card":"summary","twitter_misc":{"Procijenjeno vrijeme \u010ditanja":"4 minute"},"schema":{"@context":"https:\/\/schema.org","@graph":[{"@type":"WebSite","@id":"http:\/\/slavkasekulic.from.hr\/#website","url":"http:\/\/slavkasekulic.from.hr\/","name":"Zlatna iskra","description":"","potentialAction":[{"@type":"SearchAction","target":{"@type":"EntryPoint","urlTemplate":"http:\/\/slavkasekulic.from.hr\/?s={search_term_string}"},"query-input":"required name=search_term_string"}],"inLanguage":"hr"},{"@type":"ImageObject","@id":"http:\/\/slavkasekulic.from.hr\/?page_id=312#primaryimage","inLanguage":"hr","url":"http:\/\/slavkasekulic.from.hr\/files\/2017\/01\/IMG_1711.png","contentUrl":"http:\/\/slavkasekulic.from.hr\/files\/2017\/01\/IMG_1711.png"},{"@type":"WebPage","@id":"http:\/\/slavkasekulic.from.hr\/?page_id=312#webpage","url":"http:\/\/slavkasekulic.from.hr\/?page_id=312","name":"Vjera u sebe je jednaka povjerenju u \u017eivot - Zlatna iskra","isPartOf":{"@id":"http:\/\/slavkasekulic.from.hr\/#website"},"primaryImageOfPage":{"@id":"http:\/\/slavkasekulic.from.hr\/?page_id=312#primaryimage"},"datePublished":"2017-01-19T07:23:02+00:00","dateModified":"2017-01-19T15:57:11+00:00","breadcrumb":{"@id":"http:\/\/slavkasekulic.from.hr\/?page_id=312#breadcrumb"},"inLanguage":"hr","potentialAction":[{"@type":"ReadAction","target":["http:\/\/slavkasekulic.from.hr\/?page_id=312"]}]},{"@type":"BreadcrumbList","@id":"http:\/\/slavkasekulic.from.hr\/?page_id=312#breadcrumb","itemListElement":[{"@type":"ListItem","position":1,"name":"Home","item":"http:\/\/slavkasekulic.from.hr\/"},{"@type":"ListItem","position":2,"name":"Vjera u sebe je jednaka povjerenju u \u017eivot"}]}]}},"_links":{"self":[{"href":"http:\/\/slavkasekulic.from.hr\/index.php?rest_route=\/wp\/v2\/pages\/312"}],"collection":[{"href":"http:\/\/slavkasekulic.from.hr\/index.php?rest_route=\/wp\/v2\/pages"}],"about":[{"href":"http:\/\/slavkasekulic.from.hr\/index.php?rest_route=\/wp\/v2\/types\/page"}],"author":[{"embeddable":true,"href":"http:\/\/slavkasekulic.from.hr\/index.php?rest_route=\/wp\/v2\/users\/1227"}],"replies":[{"embeddable":true,"href":"http:\/\/slavkasekulic.from.hr\/index.php?rest_route=%2Fwp%2Fv2%2Fcomments&post=312"}],"version-history":[{"count":2,"href":"http:\/\/slavkasekulic.from.hr\/index.php?rest_route=\/wp\/v2\/pages\/312\/revisions"}],"predecessor-version":[{"id":324,"href":"http:\/\/slavkasekulic.from.hr\/index.php?rest_route=\/wp\/v2\/pages\/312\/revisions\/324"}],"wp:attachment":[{"href":"http:\/\/slavkasekulic.from.hr\/index.php?rest_route=%2Fwp%2Fv2%2Fmedia&parent=312"}],"curies":[{"name":"wp","href":"https:\/\/api.w.org\/{rel}","templated":true}]}}